{"id":1351,"date":"2018-03-12T11:33:56","date_gmt":"2018-03-12T10:33:56","guid":{"rendered":"http:\/\/krevent1.solv.com.pl\/product\/namioty-ekspresowe\/"},"modified":"2019-12-03T11:34:20","modified_gmt":"2019-12-03T10:34:20","slug":"advertising-pop-up-tents","status":"publish","type":"product","link":"https:\/\/krevent.eu\/en\/product\/advertising-pop-up-tents\/","title":{"rendered":"Advertising pop-up tents"},"content":{"rendered":"<p>[vc_row][vc_column][vc_column_text]Pop-up canopy tents are produced in 3 versions: Standard, Superior and Strong (tents with octagonal profiles). All structures have an entrance height adjustment system. The canopy roof and sidewalls are made of robust, waterproof polyester fabric. All components of the tent are packed in special covers to facilitate their storage and transport.<\/p>\n<p><strong>STANDARD<\/strong><\/p>\n<ul>\n<li>3-YEAR WARRANTY. The frame of a Standard canopy tent is covered by a 3-year warranty.<\/li>\n<li>WATER AND UV RESISTANCE. The canopy roof and sidewalls are made of wear-resistant, waterproof and double-impregnated polyester fabric.<\/li>\n<li>POP-UP CANOPIES<\/li>\n<li>LEIGHTWEIGHT ALUMINIUM STRUCTURE. The scissor structure with 30 x 30 leg profile without any loose parts. All joints of the frame are made of aluminium thus further strengthening the structure.<\/li>\n<li>REINFORCED SABRES. 3\u00d73, 3\u00d74.5 and 3\u00d76m size options are equipped with sabres with transverse reinforcement, improving strength of the structure.<\/li>\n<li>EASY-HOLD SYSTEM. Tents in 3\u00d73, 3\u00d74,5 and 3\u00d76m size options are equipped with the Easy-Hold system which enables the installation of accessories without any additional brackets.<\/li>\n<\/ul>\n<p><strong>SUPERIOR<\/strong><\/p>\n<ul>\n<li>5-YEAR WARRANTY. All Superior frames are covered by a 5-year warranty.<\/li>\n<li>WATER AND UV RESISTANCE. The canopy roof and sidewalls are made of wear-resistant, waterproof and double-impregnated polyester fabric.<\/li>\n<li>POP-UP CANOPIES<\/li>\n<li>LEIGHTWEIGHT ALUMINIUM STRUCTURE. The scissor structure with 40 x 40 leg profile without any loose parts. All joints of the frame are made of aluminium thus further strengthening the structure.<\/li>\n<li>REINFORCED SABRES. 3\u00d73, 3\u00d74.5 and 3\u00d76m size options are equipped with sabres with transverse reinforcement, improving strength of the<br \/>\nstructure.<\/li>\n<li>EASY-HOLD SYSTEM. Tents in 3\u00d73, 3\u00d74,5 and 3\u00d76m size options are equipped with the Easy-Hold system which enables the installation of accessories without any additional brackets.<\/li>\n<li>COMFORTABLE RAISING. Tents in 3\u00d73, 3&#215;4,5 and 3\u00d76m size options are equipped with the Easy-Hold system which enables the installation of accessories without any additional brackets.<\/li>\n<li>COMPLIANT WITH EUROPEAN STANDARDS. 3\u00d73, 3\u00d74,5 and 3\u00d76m Premium constructions conform to PN-EN 13782:2015-2007 and can withstand wind gusts of up to 100km\/h<\/li>\n<\/ul>\n<p><strong>STRONG<\/strong><\/p>\n<ul>\n<li>OCTAGONAL LEG PROFILE. Aluminium, octagonal leg profile of 50mm and reinforced transversal sabres make the Octa Pro is currently the most robust construction in the market among the pop-up tents.<\/li>\n<li>5-YEAR WARRANTY. All Storong frames are covered by a 5-year warranty.<\/li>\n<li>RESISTANCE TO WIND. Octa Pro tents can withstand wind gusts of up to 100 km\/h. The resistance is confirmed by static calculations according to PN-EN 13782:2015-2007.<\/li>\n<li>WATER AND UV RESISTANCE. The roof and sidewalls made ofwaterproof, wear and tear-resistant polyester fabric.<\/li>\n<li>POP-UP CANOPIES<\/li>\n<\/ul>\n<p>&nbsp;<\/p>\n<p><strong>SET CONTAINS:<\/strong><\/p>\n<ul>\n<li style=\"list-style-type: none;\">\n<ul>\n<li><strong>\u00a0Flexibility<\/strong><\/li>\n<\/ul>\n<\/li>\n<\/ul>\n<p>Assembly is very easy thanks to the construction without any loose parts. 4-level height regulation allows the tent to be adjusted to the user\u2019s needs.<\/p>\n<ul>\n<li style=\"list-style-type: none;\">\n<ul>\n<li><strong>\u00a0Comfortable transport<\/strong><\/li>\n<\/ul>\n<\/li>\n<\/ul>\n<p>Each tent when folded has a height of only 160 cm and can be freely transported in most cars.<\/p>\n<ul>\n<li style=\"list-style-type: none;\">\n<ul>\n<li><strong>Pins for legs and guy ropes with anchors<\/strong><\/li>\n<\/ul>\n<\/li>\n<\/ul>\n<p>Each tent when folded has a height of only 160 cm and can be freely transported in most cars.<\/p>\n<p>&nbsp;<\/p>\n<p><strong>COLOUR PALETTE<\/strong><\/p>\n<p>&#8211; Standard tents are offered in 12 standard colours for the fabrics.<\/p>\n<p>&#8211; Each colour has its counterpart in the PANTONE palette.<\/p>\n<p>&#8211; Tents are digitally printed (with the highest print quality) or through screen printing.<\/p>\n<p><img loading=\"lazy\" decoding=\"async\" class=\"alignnone wp-image-449\" src=\"http:\/\/krevent1.solv.com.pl\/wp-content\/uploads\/2018\/03\/polyester_fabric_color_palette_2017-300x94.jpg\" alt=\"\" width=\"670\" height=\"210\" srcset=\"https:\/\/krevent.eu\/wp-content\/uploads\/2018\/03\/polyester_fabric_color_palette_2017-300x94.jpg 300w, https:\/\/krevent.eu\/wp-content\/uploads\/2018\/03\/polyester_fabric_color_palette_2017-200x62.jpg 200w, https:\/\/krevent.eu\/wp-content\/uploads\/2018\/03\/polyester_fabric_color_palette_2017-600x187.jpg 600w, https:\/\/krevent.eu\/wp-content\/uploads\/2018\/03\/polyester_fabric_color_palette_2017.jpg 669w\" sizes=\"auto, (max-width: 670px) 100vw, 670px\" \/>[\/vc_column_text][\/vc_column][\/vc_row]<\/p>\n","protected":false},"excerpt":{"rendered":"<hr \/>\n<p><strong>POP-UP Advertising tents<\/strong> are high functionality products. It is the fastest and the most convenient roofing system available on the market.<\/p>\n<p><img loading=\"lazy\" decoding=\"async\" class=\"alignnone wp-image-657\" src=\"https:\/\/krevent.eu\/wp-content\/uploads\/2018\/03\/5_lat-1.jpg\" alt=\"\" width=\"65\" height=\"66\" srcset=\"https:\/\/krevent.eu\/wp-content\/uploads\/2018\/03\/5_lat-1.jpg 86w, https:\/\/krevent.eu\/wp-content\/uploads\/2018\/03\/5_lat-1-85x85.jpg 85w, https:\/\/krevent.eu\/wp-content\/uploads\/2018\/03\/5_lat-1-50x50.jpg 50w\" sizes=\"auto, (max-width: 65px) 100vw, 65px\" \/><img loading=\"lazy\" decoding=\"async\" class=\"alignnone wp-image-664\" src=\"https:\/\/krevent.eu\/wp-content\/uploads\/2018\/03\/wiatr-1.jpg\" alt=\"\" width=\"65\" height=\"71\" \/> <img loading=\"lazy\" decoding=\"async\" class=\"alignnone wp-image-659\" src=\"https:\/\/krevent.eu\/wp-content\/uploads\/2018\/03\/deszcz_i_slonce-1.jpg\" alt=\"\" width=\"127\" height=\"62\" \/><img loading=\"lazy\" decoding=\"async\" class=\"alignnone wp-image-658\" src=\"https:\/\/krevent.eu\/wp-content\/uploads\/2018\/03\/60s-1.jpg\" alt=\"\" width=\"67\" height=\"61\" \/><\/p>\n","protected":false},"featured_media":2789,"template":"","meta":[],"product_brand":[],"product_cat":[15],"product_tag":[],"class_list":{"0":"post-1351","1":"product","2":"type-product","3":"status-publish","4":"has-post-thumbnail","6":"product_cat-uncategorized","8":"first","9":"instock","10":"shipping-taxable","11":"product-type-simple"},"yoast_head":"<!-- This site is optimized with the Yoast SEO plugin v25.8 - https:\/\/yoast.com\/wordpress\/plugins\/seo\/ -->\n<title>Advertising pop-up tents | Krevent.eu<\/title>\n<meta name=\"robots\" content=\"index, follow, max-snippet:-1, max-image-preview:large, max-video-preview:-1\" \/>\n<link rel=\"canonical\" href=\"https:\/\/krevent.eu\/en\/product\/advertising-pop-up-tents\/\" \/>\n<meta property=\"og:locale\" content=\"en_US\" \/>\n<meta property=\"og:type\" content=\"article\" \/>\n<meta property=\"og:title\" content=\"Advertising pop-up tents | Krevent.eu\" \/>\n<meta property=\"og:description\" content=\"POP-UP Advertising tents are high functionality products. It is the fastest and the most convenient roofing system available on the market.\" \/>\n<meta property=\"og:url\" content=\"https:\/\/krevent.eu\/en\/product\/advertising-pop-up-tents\/\" \/>\n<meta property=\"og:site_name\" content=\"Krevent.eu\" \/>\n<meta property=\"article:modified_time\" content=\"2019-12-03T10:34:20+00:00\" \/>\n<meta property=\"og:image\" content=\"https:\/\/krevent.eu\/wp-content\/uploads\/2018\/03\/d_p19f3c1egq1ogv1j8rl8r8vc1gjc5.jpg\" \/>\n\t<meta property=\"og:image:width\" content=\"800\" \/>\n\t<meta property=\"og:image:height\" content=\"600\" \/>\n\t<meta property=\"og:image:type\" content=\"image\/jpeg\" \/>\n<meta name=\"twitter:card\" content=\"summary_large_image\" \/>\n<meta name=\"twitter:label1\" content=\"Est. reading time\" \/>\n\t<meta name=\"twitter:data1\" content=\"3 minutes\" \/>\n<script type=\"application\/ld+json\" class=\"yoast-schema-graph\">{\"@context\":\"https:\/\/schema.org\",\"@graph\":[{\"@type\":\"WebPage\",\"@id\":\"https:\/\/krevent.eu\/en\/product\/advertising-pop-up-tents\/\",\"url\":\"https:\/\/krevent.eu\/en\/product\/advertising-pop-up-tents\/\",\"name\":\"Advertising pop-up tents | Krevent.eu\",\"isPartOf\":{\"@id\":\"https:\/\/krevent.eu\/#website\"},\"primaryImageOfPage\":{\"@id\":\"https:\/\/krevent.eu\/en\/product\/advertising-pop-up-tents\/#primaryimage\"},\"image\":{\"@id\":\"https:\/\/krevent.eu\/en\/product\/advertising-pop-up-tents\/#primaryimage\"},\"thumbnailUrl\":\"https:\/\/krevent.eu\/wp-content\/uploads\/2018\/03\/d_p19f3c1egq1ogv1j8rl8r8vc1gjc5.jpg\",\"datePublished\":\"2018-03-12T10:33:56+00:00\",\"dateModified\":\"2019-12-03T10:34:20+00:00\",\"breadcrumb\":{\"@id\":\"https:\/\/krevent.eu\/en\/product\/advertising-pop-up-tents\/#breadcrumb\"},\"inLanguage\":\"en-US\",\"potentialAction\":[{\"@type\":\"ReadAction\",\"target\":[\"https:\/\/krevent.eu\/en\/product\/advertising-pop-up-tents\/\"]}]},{\"@type\":\"ImageObject\",\"inLanguage\":\"en-US\",\"@id\":\"https:\/\/krevent.eu\/en\/product\/advertising-pop-up-tents\/#primaryimage\",\"url\":\"https:\/\/krevent.eu\/wp-content\/uploads\/2018\/03\/d_p19f3c1egq1ogv1j8rl8r8vc1gjc5.jpg\",\"contentUrl\":\"https:\/\/krevent.eu\/wp-content\/uploads\/2018\/03\/d_p19f3c1egq1ogv1j8rl8r8vc1gjc5.jpg\",\"width\":800,\"height\":600,\"caption\":\"namioty reklamowe, namioty ekspresowe\"},{\"@type\":\"BreadcrumbList\",\"@id\":\"https:\/\/krevent.eu\/en\/product\/advertising-pop-up-tents\/#breadcrumb\",\"itemListElement\":[{\"@type\":\"ListItem\",\"position\":1,\"name\":\"Strona g\u0142\u00f3wna\",\"item\":\"https:\/\/krevent.eu\/en\/\"},{\"@type\":\"ListItem\",\"position\":2,\"name\":\"Produkty\",\"item\":\"https:\/\/krevent.eu\/shop\/\"},{\"@type\":\"ListItem\",\"position\":3,\"name\":\"Advertising pop-up tents\"}]},{\"@type\":\"WebSite\",\"@id\":\"https:\/\/krevent.eu\/#website\",\"url\":\"https:\/\/krevent.eu\/\",\"name\":\"Krevent.eu\",\"description\":\"\",\"potentialAction\":[{\"@type\":\"SearchAction\",\"target\":{\"@type\":\"EntryPoint\",\"urlTemplate\":\"https:\/\/krevent.eu\/?s={search_term_string}\"},\"query-input\":{\"@type\":\"PropertyValueSpecification\",\"valueRequired\":true,\"valueName\":\"search_term_string\"}}],\"inLanguage\":\"en-US\"}]}<\/script>\n<!-- \/ Yoast SEO plugin. -->","yoast_head_json":{"title":"Advertising pop-up tents | Krevent.eu","robots":{"index":"index","follow":"follow","max-snippet":"max-snippet:-1","max-image-preview":"max-image-preview:large","max-video-preview":"max-video-preview:-1"},"canonical":"https:\/\/krevent.eu\/en\/product\/advertising-pop-up-tents\/","og_locale":"en_US","og_type":"article","og_title":"Advertising pop-up tents | Krevent.eu","og_description":"POP-UP Advertising tents are high functionality products. It is the fastest and the most convenient roofing system available on the market.","og_url":"https:\/\/krevent.eu\/en\/product\/advertising-pop-up-tents\/","og_site_name":"Krevent.eu","article_modified_time":"2019-12-03T10:34:20+00:00","og_image":[{"width":800,"height":600,"url":"https:\/\/krevent.eu\/wp-content\/uploads\/2018\/03\/d_p19f3c1egq1ogv1j8rl8r8vc1gjc5.jpg","type":"image\/jpeg"}],"twitter_card":"summary_large_image","twitter_misc":{"Est. reading time":"3 minutes"},"schema":{"@context":"https:\/\/schema.org","@graph":[{"@type":"WebPage","@id":"https:\/\/krevent.eu\/en\/product\/advertising-pop-up-tents\/","url":"https:\/\/krevent.eu\/en\/product\/advertising-pop-up-tents\/","name":"Advertising pop-up tents | Krevent.eu","isPartOf":{"@id":"https:\/\/krevent.eu\/#website"},"primaryImageOfPage":{"@id":"https:\/\/krevent.eu\/en\/product\/advertising-pop-up-tents\/#primaryimage"},"image":{"@id":"https:\/\/krevent.eu\/en\/product\/advertising-pop-up-tents\/#primaryimage"},"thumbnailUrl":"https:\/\/krevent.eu\/wp-content\/uploads\/2018\/03\/d_p19f3c1egq1ogv1j8rl8r8vc1gjc5.jpg","datePublished":"2018-03-12T10:33:56+00:00","dateModified":"2019-12-03T10:34:20+00:00","breadcrumb":{"@id":"https:\/\/krevent.eu\/en\/product\/advertising-pop-up-tents\/#breadcrumb"},"inLanguage":"en-US","potentialAction":[{"@type":"ReadAction","target":["https:\/\/krevent.eu\/en\/product\/advertising-pop-up-tents\/"]}]},{"@type":"ImageObject","inLanguage":"en-US","@id":"https:\/\/krevent.eu\/en\/product\/advertising-pop-up-tents\/#primaryimage","url":"https:\/\/krevent.eu\/wp-content\/uploads\/2018\/03\/d_p19f3c1egq1ogv1j8rl8r8vc1gjc5.jpg","contentUrl":"https:\/\/krevent.eu\/wp-content\/uploads\/2018\/03\/d_p19f3c1egq1ogv1j8rl8r8vc1gjc5.jpg","width":800,"height":600,"caption":"namioty reklamowe, namioty ekspresowe"},{"@type":"BreadcrumbList","@id":"https:\/\/krevent.eu\/en\/product\/advertising-pop-up-tents\/#breadcrumb","itemListElement":[{"@type":"ListItem","position":1,"name":"Strona g\u0142\u00f3wna","item":"https:\/\/krevent.eu\/en\/"},{"@type":"ListItem","position":2,"name":"Produkty","item":"https:\/\/krevent.eu\/shop\/"},{"@type":"ListItem","position":3,"name":"Advertising pop-up tents"}]},{"@type":"WebSite","@id":"https:\/\/krevent.eu\/#website","url":"https:\/\/krevent.eu\/","name":"Krevent.eu","description":"","potentialAction":[{"@type":"SearchAction","target":{"@type":"EntryPoint","urlTemplate":"https:\/\/krevent.eu\/?s={search_term_string}"},"query-input":{"@type":"PropertyValueSpecification","valueRequired":true,"valueName":"search_term_string"}}],"inLanguage":"en-US"}]}},"_links":{"self":[{"href":"https:\/\/krevent.eu\/en\/wp-json\/wp\/v2\/product\/1351","targetHints":{"allow":["GET"]}}],"collection":[{"href":"https:\/\/krevent.eu\/en\/wp-json\/wp\/v2\/product"}],"about":[{"href":"https:\/\/krevent.eu\/en\/wp-json\/wp\/v2\/types\/product"}],"wp:featuredmedia":[{"embeddable":true,"href":"https:\/\/krevent.eu\/en\/wp-json\/wp\/v2\/media\/2789"}],"wp:attachment":[{"href":"https:\/\/krevent.eu\/en\/wp-json\/wp\/v2\/media?parent=1351"}],"wp:term":[{"taxonomy":"product_brand","embeddable":true,"href":"https:\/\/krevent.eu\/en\/wp-json\/wp\/v2\/product_brand?post=1351"},{"taxonomy":"product_cat","embeddable":true,"href":"https:\/\/krevent.eu\/en\/wp-json\/wp\/v2\/product_cat?post=1351"},{"taxonomy":"product_tag","embeddable":true,"href":"https:\/\/krevent.eu\/en\/wp-json\/wp\/v2\/product_tag?post=1351"}],"curies":[{"name":"wp","href":"https:\/\/api.w.org\/{rel}","templated":true}]}}